{"id":1599401,"date":"2026-04-07T11:42:14","date_gmt":"2026-04-07T11:42:14","guid":{"rendered":"https:\/\/carfast.pt\/produto\/cross-border-9\/"},"modified":"2026-04-07T11:42:14","modified_gmt":"2026-04-07T11:42:14","slug":"cross-border-9","status":"publish","type":"product","link":"https:\/\/carfast.pt\/fr\/produto\/cross-border-9\/","title":{"rendered":"CROSS BORDER"},"content":{"rendered":"<p>Taxa para sa\u00edda de Portugal. Adicione este servi\u00e7o quando efetuar a sua reserva e usufrua da condu\u00e7\u00e3o da sua viatura CARFAST fora do pa\u00eds.<\/p>\n","protected":false},"excerpt":{"rendered":"<p>Taxa para sa\u00edda de Portugal. Adicione este servi\u00e7o quando efetuar a sua reserva e usufrua da condu\u00e7\u00e3o da sua viatura CARFAST fora do pa\u00eds.<\/p>\n","protected":false},"featured_media":245465,"comment_status":"open","ping_status":"closed","template":"","meta":[],"product_brand":[],"product_cat":[71],"product_tag":[],"class_list":{"0":"post-1599401","1":"product","2":"type-product","3":"status-publish","4":"has-post-thumbnail","6":"product_cat-extras","8":"first","9":"instock","10":"taxable","11":"shipping-taxable","12":"purchasable","13":"product-type-simple"},"yoast_head":"<!-- This site is optimized with the Yoast SEO plugin v25.6 - https:\/\/yoast.com\/wordpress\/plugins\/seo\/ -->\n<title>CROSS BORDER - Carfast<\/title>\n<meta name=\"robots\" content=\"index, follow, max-snippet:-1, max-image-preview:large, max-video-preview:-1\" \/>\n<link rel=\"canonical\" href=\"https:\/\/carfast.pt\/produto\/cross-border-9\/\" \/>\n<meta property=\"og:locale\" content=\"fr_FR\" \/>\n<meta property=\"og:type\" content=\"article\" \/>\n<meta property=\"og:title\" content=\"CROSS BORDER - Carfast\" \/>\n<meta property=\"og:description\" content=\"Taxa para sa\u00edda de Portugal. Adicione este servi\u00e7o quando efetuar a sua reserva e usufrua da condu\u00e7\u00e3o da sua viatura CARFAST fora do pa\u00eds.\" \/>\n<meta property=\"og:url\" content=\"https:\/\/carfast.pt\/produto\/cross-border-9\/\" \/>\n<meta property=\"og:site_name\" content=\"Carfast\" \/>\n<meta name=\"twitter:card\" content=\"summary_large_image\" \/>\n<script type=\"application\/ld+json\" class=\"yoast-schema-graph\">{\"@context\":\"https:\/\/schema.org\",\"@graph\":[{\"@type\":\"WebPage\",\"@id\":\"https:\/\/carfast.pt\/produto\/cross-border-9\/\",\"url\":\"https:\/\/carfast.pt\/produto\/cross-border-9\/\",\"name\":\"CROSS BORDER - Carfast\",\"isPartOf\":{\"@id\":\"https:\/\/carfast.pt\/#website\"},\"primaryImageOfPage\":{\"@id\":\"https:\/\/carfast.pt\/produto\/cross-border-9\/#primaryimage\"},\"image\":{\"@id\":\"https:\/\/carfast.pt\/produto\/cross-border-9\/#primaryimage\"},\"thumbnailUrl\":\"https:\/\/carfast.pt\/wp-content\/uploads\/2024\/03\/0002_extra4@2x.png\",\"datePublished\":\"2026-04-07T11:42:14+00:00\",\"breadcrumb\":{\"@id\":\"https:\/\/carfast.pt\/produto\/cross-border-9\/#breadcrumb\"},\"inLanguage\":\"fr-FR\",\"potentialAction\":[{\"@type\":\"ReadAction\",\"target\":[\"https:\/\/carfast.pt\/produto\/cross-border-9\/\"]}]},{\"@type\":\"ImageObject\",\"inLanguage\":\"fr-FR\",\"@id\":\"https:\/\/carfast.pt\/produto\/cross-border-9\/#primaryimage\",\"url\":\"https:\/\/carfast.pt\/wp-content\/uploads\/2024\/03\/0002_extra4@2x.png\",\"contentUrl\":\"https:\/\/carfast.pt\/wp-content\/uploads\/2024\/03\/0002_extra4@2x.png\",\"width\":560,\"height\":300},{\"@type\":\"BreadcrumbList\",\"@id\":\"https:\/\/carfast.pt\/produto\/cross-border-9\/#breadcrumb\",\"itemListElement\":[{\"@type\":\"ListItem\",\"position\":1,\"name\":\"In\u00edcio\",\"item\":\"https:\/\/carfast.pt\/fr\/\"},{\"@type\":\"ListItem\",\"position\":2,\"name\":\"CROSS BORDER\"}]},{\"@type\":\"WebSite\",\"@id\":\"https:\/\/carfast.pt\/#website\",\"url\":\"https:\/\/carfast.pt\/\",\"name\":\"Carfast\",\"description\":\"Aluguer de viaturas Premium ao melhor pre\u00e7o de Portugal!\",\"alternateName\":\"CARFAST - Premium Rent-a-Car\",\"potentialAction\":[{\"@type\":\"SearchAction\",\"target\":{\"@type\":\"EntryPoint\",\"urlTemplate\":\"https:\/\/carfast.pt\/?s={search_term_string}\"},\"query-input\":{\"@type\":\"PropertyValueSpecification\",\"valueRequired\":true,\"valueName\":\"search_term_string\"}}],\"inLanguage\":\"fr-FR\"}]}<\/script>\n<!-- \/ Yoast SEO plugin. -->","yoast_head_json":{"title":"CROSS BORDER - Carfast","robots":{"index":"index","follow":"follow","max-snippet":"max-snippet:-1","max-image-preview":"max-image-preview:large","max-video-preview":"max-video-preview:-1"},"canonical":"https:\/\/carfast.pt\/produto\/cross-border-9\/","og_locale":"fr_FR","og_type":"article","og_title":"CROSS BORDER - Carfast","og_description":"Taxa para sa\u00edda de Portugal. Adicione este servi\u00e7o quando efetuar a sua reserva e usufrua da condu\u00e7\u00e3o da sua viatura CARFAST fora do pa\u00eds.","og_url":"https:\/\/carfast.pt\/produto\/cross-border-9\/","og_site_name":"Carfast","twitter_card":"summary_large_image","schema":{"@context":"https:\/\/schema.org","@graph":[{"@type":"WebPage","@id":"https:\/\/carfast.pt\/produto\/cross-border-9\/","url":"https:\/\/carfast.pt\/produto\/cross-border-9\/","name":"CROSS BORDER - Carfast","isPartOf":{"@id":"https:\/\/carfast.pt\/#website"},"primaryImageOfPage":{"@id":"https:\/\/carfast.pt\/produto\/cross-border-9\/#primaryimage"},"image":{"@id":"https:\/\/carfast.pt\/produto\/cross-border-9\/#primaryimage"},"thumbnailUrl":"https:\/\/carfast.pt\/wp-content\/uploads\/2024\/03\/0002_extra4@2x.png","datePublished":"2026-04-07T11:42:14+00:00","breadcrumb":{"@id":"https:\/\/carfast.pt\/produto\/cross-border-9\/#breadcrumb"},"inLanguage":"fr-FR","potentialAction":[{"@type":"ReadAction","target":["https:\/\/carfast.pt\/produto\/cross-border-9\/"]}]},{"@type":"ImageObject","inLanguage":"fr-FR","@id":"https:\/\/carfast.pt\/produto\/cross-border-9\/#primaryimage","url":"https:\/\/carfast.pt\/wp-content\/uploads\/2024\/03\/0002_extra4@2x.png","contentUrl":"https:\/\/carfast.pt\/wp-content\/uploads\/2024\/03\/0002_extra4@2x.png","width":560,"height":300},{"@type":"BreadcrumbList","@id":"https:\/\/carfast.pt\/produto\/cross-border-9\/#breadcrumb","itemListElement":[{"@type":"ListItem","position":1,"name":"In\u00edcio","item":"https:\/\/carfast.pt\/fr\/"},{"@type":"ListItem","position":2,"name":"CROSS BORDER"}]},{"@type":"WebSite","@id":"https:\/\/carfast.pt\/#website","url":"https:\/\/carfast.pt\/","name":"Carfast","description":"Aluguer de viaturas Premium ao melhor pre\u00e7o de Portugal!","alternateName":"CARFAST - Premium Rent-a-Car","potentialAction":[{"@type":"SearchAction","target":{"@type":"EntryPoint","urlTemplate":"https:\/\/carfast.pt\/?s={search_term_string}"},"query-input":{"@type":"PropertyValueSpecification","valueRequired":true,"valueName":"search_term_string"}}],"inLanguage":"fr-FR"}]}},"_links":{"self":[{"href":"https:\/\/carfast.pt\/fr\/wp-json\/wp\/v2\/product\/1599401","targetHints":{"allow":["GET"]}}],"collection":[{"href":"https:\/\/carfast.pt\/fr\/wp-json\/wp\/v2\/product"}],"about":[{"href":"https:\/\/carfast.pt\/fr\/wp-json\/wp\/v2\/types\/product"}],"replies":[{"embeddable":true,"href":"https:\/\/carfast.pt\/fr\/wp-json\/wp\/v2\/comments?post=1599401"}],"wp:featuredmedia":[{"embeddable":true,"href":"https:\/\/carfast.pt\/fr\/wp-json\/wp\/v2\/media\/245465"}],"wp:attachment":[{"href":"https:\/\/carfast.pt\/fr\/wp-json\/wp\/v2\/media?parent=1599401"}],"wp:term":[{"taxonomy":"product_brand","embeddable":true,"href":"https:\/\/carfast.pt\/fr\/wp-json\/wp\/v2\/product_brand?post=1599401"},{"taxonomy":"product_cat","embeddable":true,"href":"https:\/\/carfast.pt\/fr\/wp-json\/wp\/v2\/product_cat?post=1599401"},{"taxonomy":"product_tag","embeddable":true,"href":"https:\/\/carfast.pt\/fr\/wp-json\/wp\/v2\/product_tag?post=1599401"}],"curies":[{"name":"wp","href":"https:\/\/api.w.org\/{rel}","templated":true}]}}