{"id":1595795,"date":"2026-04-05T13:36:55","date_gmt":"2026-04-05T13:36:55","guid":{"rendered":"https:\/\/carfast.pt\/produto\/condutor-adicional-6\/"},"modified":"2026-04-05T13:37:07","modified_gmt":"2026-04-05T13:37:07","slug":"condutor-adicional-6","status":"publish","type":"product","link":"https:\/\/carfast.pt\/fr\/produto\/condutor-adicional-6\/","title":{"rendered":"CONDUTOR ADICIONAL"},"content":{"rendered":"<p>Desfrute de uma viagem mais descontra\u00edda e c\u00f3moda com o servi\u00e7o de Condutor Adicional da CARFAST e partilhe o volante, sem preocupa\u00e7\u00f5es!<\/p>\n","protected":false},"excerpt":{"rendered":"<p>Desfrute de uma viagem mais descontra\u00edda e c\u00f3moda com o servi\u00e7o de Condutor Adicional da CARFAST e partilhe o volante, sem preocupa\u00e7\u00f5es!<\/p>\n","protected":false},"featured_media":3865,"comment_status":"open","ping_status":"closed","template":"","meta":[],"product_brand":[],"product_cat":[71],"product_tag":[],"class_list":{"0":"post-1595795","1":"product","2":"type-product","3":"status-publish","4":"has-post-thumbnail","6":"product_cat-extras","8":"first","9":"instock","10":"taxable","11":"shipping-taxable","12":"purchasable","13":"product-type-simple"},"yoast_head":"<!-- This site is optimized with the Yoast SEO plugin v25.6 - https:\/\/yoast.com\/wordpress\/plugins\/seo\/ -->\n<title>CONDUTOR ADICIONAL - Carfast<\/title>\n<meta name=\"robots\" content=\"index, follow, max-snippet:-1, max-image-preview:large, max-video-preview:-1\" \/>\n<link rel=\"canonical\" href=\"https:\/\/carfast.pt\/produto\/condutor-adicional-6\/\" \/>\n<meta property=\"og:locale\" content=\"fr_FR\" \/>\n<meta property=\"og:type\" content=\"article\" \/>\n<meta property=\"og:title\" content=\"CONDUTOR ADICIONAL - Carfast\" \/>\n<meta property=\"og:description\" content=\"Desfrute de uma viagem mais descontra\u00edda e c\u00f3moda com o servi\u00e7o de Condutor Adicional da CARFAST e partilhe o volante, sem preocupa\u00e7\u00f5es!\" \/>\n<meta property=\"og:url\" content=\"https:\/\/carfast.pt\/produto\/condutor-adicional-6\/\" \/>\n<meta property=\"og:site_name\" content=\"Carfast\" \/>\n<meta property=\"article:modified_time\" content=\"2026-04-05T13:37:07+00:00\" \/>\n<meta property=\"og:image\" content=\"https:\/\/carfast.pt\/wp-content\/uploads\/2024\/07\/extra_condutorExtra.png\" \/>\n\t<meta property=\"og:image:width\" content=\"1400\" \/>\n\t<meta property=\"og:image:height\" content=\"800\" \/>\n\t<meta property=\"og:image:type\" content=\"image\/png\" \/>\n<meta name=\"twitter:card\" content=\"summary_large_image\" \/>\n<script type=\"application\/ld+json\" class=\"yoast-schema-graph\">{\"@context\":\"https:\/\/schema.org\",\"@graph\":[{\"@type\":\"WebPage\",\"@id\":\"https:\/\/carfast.pt\/produto\/condutor-adicional-6\/\",\"url\":\"https:\/\/carfast.pt\/produto\/condutor-adicional-6\/\",\"name\":\"CONDUTOR ADICIONAL - Carfast\",\"isPartOf\":{\"@id\":\"https:\/\/carfast.pt\/#website\"},\"primaryImageOfPage\":{\"@id\":\"https:\/\/carfast.pt\/produto\/condutor-adicional-6\/#primaryimage\"},\"image\":{\"@id\":\"https:\/\/carfast.pt\/produto\/condutor-adicional-6\/#primaryimage\"},\"thumbnailUrl\":\"https:\/\/carfast.pt\/wp-content\/uploads\/2024\/07\/extra_condutorExtra.png\",\"datePublished\":\"2026-04-05T13:36:55+00:00\",\"dateModified\":\"2026-04-05T13:37:07+00:00\",\"breadcrumb\":{\"@id\":\"https:\/\/carfast.pt\/produto\/condutor-adicional-6\/#breadcrumb\"},\"inLanguage\":\"fr-FR\",\"potentialAction\":[{\"@type\":\"ReadAction\",\"target\":[\"https:\/\/carfast.pt\/produto\/condutor-adicional-6\/\"]}]},{\"@type\":\"ImageObject\",\"inLanguage\":\"fr-FR\",\"@id\":\"https:\/\/carfast.pt\/produto\/condutor-adicional-6\/#primaryimage\",\"url\":\"https:\/\/carfast.pt\/wp-content\/uploads\/2024\/07\/extra_condutorExtra.png\",\"contentUrl\":\"https:\/\/carfast.pt\/wp-content\/uploads\/2024\/07\/extra_condutorExtra.png\",\"width\":1400,\"height\":800},{\"@type\":\"BreadcrumbList\",\"@id\":\"https:\/\/carfast.pt\/produto\/condutor-adicional-6\/#breadcrumb\",\"itemListElement\":[{\"@type\":\"ListItem\",\"position\":1,\"name\":\"In\u00edcio\",\"item\":\"https:\/\/carfast.pt\/fr\/\"},{\"@type\":\"ListItem\",\"position\":2,\"name\":\"CONDUTOR ADICIONAL\"}]},{\"@type\":\"WebSite\",\"@id\":\"https:\/\/carfast.pt\/#website\",\"url\":\"https:\/\/carfast.pt\/\",\"name\":\"Carfast\",\"description\":\"Aluguer de viaturas Premium ao melhor pre\u00e7o de Portugal!\",\"alternateName\":\"CARFAST - Premium Rent-a-Car\",\"potentialAction\":[{\"@type\":\"SearchAction\",\"target\":{\"@type\":\"EntryPoint\",\"urlTemplate\":\"https:\/\/carfast.pt\/?s={search_term_string}\"},\"query-input\":{\"@type\":\"PropertyValueSpecification\",\"valueRequired\":true,\"valueName\":\"search_term_string\"}}],\"inLanguage\":\"fr-FR\"}]}<\/script>\n<!-- \/ Yoast SEO plugin. -->","yoast_head_json":{"title":"CONDUTOR ADICIONAL - Carfast","robots":{"index":"index","follow":"follow","max-snippet":"max-snippet:-1","max-image-preview":"max-image-preview:large","max-video-preview":"max-video-preview:-1"},"canonical":"https:\/\/carfast.pt\/produto\/condutor-adicional-6\/","og_locale":"fr_FR","og_type":"article","og_title":"CONDUTOR ADICIONAL - Carfast","og_description":"Desfrute de uma viagem mais descontra\u00edda e c\u00f3moda com o servi\u00e7o de Condutor Adicional da CARFAST e partilhe o volante, sem preocupa\u00e7\u00f5es!","og_url":"https:\/\/carfast.pt\/produto\/condutor-adicional-6\/","og_site_name":"Carfast","article_modified_time":"2026-04-05T13:37:07+00:00","og_image":[{"width":1400,"height":800,"url":"https:\/\/carfast.pt\/wp-content\/uploads\/2024\/07\/extra_condutorExtra.png","type":"image\/png"}],"twitter_card":"summary_large_image","schema":{"@context":"https:\/\/schema.org","@graph":[{"@type":"WebPage","@id":"https:\/\/carfast.pt\/produto\/condutor-adicional-6\/","url":"https:\/\/carfast.pt\/produto\/condutor-adicional-6\/","name":"CONDUTOR ADICIONAL - Carfast","isPartOf":{"@id":"https:\/\/carfast.pt\/#website"},"primaryImageOfPage":{"@id":"https:\/\/carfast.pt\/produto\/condutor-adicional-6\/#primaryimage"},"image":{"@id":"https:\/\/carfast.pt\/produto\/condutor-adicional-6\/#primaryimage"},"thumbnailUrl":"https:\/\/carfast.pt\/wp-content\/uploads\/2024\/07\/extra_condutorExtra.png","datePublished":"2026-04-05T13:36:55+00:00","dateModified":"2026-04-05T13:37:07+00:00","breadcrumb":{"@id":"https:\/\/carfast.pt\/produto\/condutor-adicional-6\/#breadcrumb"},"inLanguage":"fr-FR","potentialAction":[{"@type":"ReadAction","target":["https:\/\/carfast.pt\/produto\/condutor-adicional-6\/"]}]},{"@type":"ImageObject","inLanguage":"fr-FR","@id":"https:\/\/carfast.pt\/produto\/condutor-adicional-6\/#primaryimage","url":"https:\/\/carfast.pt\/wp-content\/uploads\/2024\/07\/extra_condutorExtra.png","contentUrl":"https:\/\/carfast.pt\/wp-content\/uploads\/2024\/07\/extra_condutorExtra.png","width":1400,"height":800},{"@type":"BreadcrumbList","@id":"https:\/\/carfast.pt\/produto\/condutor-adicional-6\/#breadcrumb","itemListElement":[{"@type":"ListItem","position":1,"name":"In\u00edcio","item":"https:\/\/carfast.pt\/fr\/"},{"@type":"ListItem","position":2,"name":"CONDUTOR ADICIONAL"}]},{"@type":"WebSite","@id":"https:\/\/carfast.pt\/#website","url":"https:\/\/carfast.pt\/","name":"Carfast","description":"Aluguer de viaturas Premium ao melhor pre\u00e7o de Portugal!","alternateName":"CARFAST - Premium Rent-a-Car","potentialAction":[{"@type":"SearchAction","target":{"@type":"EntryPoint","urlTemplate":"https:\/\/carfast.pt\/?s={search_term_string}"},"query-input":{"@type":"PropertyValueSpecification","valueRequired":true,"valueName":"search_term_string"}}],"inLanguage":"fr-FR"}]}},"_links":{"self":[{"href":"https:\/\/carfast.pt\/fr\/wp-json\/wp\/v2\/product\/1595795","targetHints":{"allow":["GET"]}}],"collection":[{"href":"https:\/\/carfast.pt\/fr\/wp-json\/wp\/v2\/product"}],"about":[{"href":"https:\/\/carfast.pt\/fr\/wp-json\/wp\/v2\/types\/product"}],"replies":[{"embeddable":true,"href":"https:\/\/carfast.pt\/fr\/wp-json\/wp\/v2\/comments?post=1595795"}],"wp:featuredmedia":[{"embeddable":true,"href":"https:\/\/carfast.pt\/fr\/wp-json\/wp\/v2\/media\/3865"}],"wp:attachment":[{"href":"https:\/\/carfast.pt\/fr\/wp-json\/wp\/v2\/media?parent=1595795"}],"wp:term":[{"taxonomy":"product_brand","embeddable":true,"href":"https:\/\/carfast.pt\/fr\/wp-json\/wp\/v2\/product_brand?post=1595795"},{"taxonomy":"product_cat","embeddable":true,"href":"https:\/\/carfast.pt\/fr\/wp-json\/wp\/v2\/product_cat?post=1595795"},{"taxonomy":"product_tag","embeddable":true,"href":"https:\/\/carfast.pt\/fr\/wp-json\/wp\/v2\/product_tag?post=1595795"}],"curies":[{"name":"wp","href":"https:\/\/api.w.org\/{rel}","templated":true}]}}