{"id":69080,"date":"2024-03-06T10:07:07","date_gmt":"2024-03-06T10:07:07","guid":{"rendered":"https:\/\/carfast.pt\/?page_id=69080"},"modified":"2025-01-24T12:46:29","modified_gmt":"2025-01-24T12:46:29","slug":"a-propos-de-nous","status":"publish","type":"page","link":"https:\/\/carfast.pt\/fr\/a-propos-de-nous\/","title":{"rendered":"\u00c0 Propos"},"content":{"rendered":"<p>[vc_row full_width=&#8221;stretch_row_content_no_spaces&#8221; el_class=&#8221;container-pagina quem-somos&#8221;][vc_column][vc_custom_heading text=&#8221;\u00c0 PROPOS&#8221; font_container=&#8221;tag:h1|text_align:left&#8221; use_theme_fonts=&#8221;yes&#8221; el_class=&#8221;titulo&#8221;][vc_row_inner][vc_column_inner width=&#8221;1\/2&#8243;][vc_single_image image=&#8221;167&#8243; img_size=&#8221;full&#8221;][\/vc_column_inner][vc_column_inner width=&#8221;1\/2&#8243;][vc_column_text el_class=&#8221;txt&#8221; css=&#8221;.vc_custom_1736254380650{padding-top: 50px !important;}&#8221;]Avec une position de premier plan sur le march\u00e9, <strong>CARFAST<\/strong> dispose d&#8217;une large flotte de v\u00e9hicules et de services qui r\u00e9pondent aux besoins des clients priv\u00e9s et des entreprises.<\/p>\n<p>Notre vision est d&#8217;\u00eatre <strong>une soci\u00e9t\u00e9 de location de voitures leader au Portugal<\/strong>, reconnue pour l&#8217;efficacit\u00e9 de ses services, l&#8217;innovation de ses \u00e9quipements et la comp\u00e9tence et le professionnalisme de ses ressources humaines.<\/p>\n<p>Notre mission est d&#8217;offrir<strong> les meilleures solutions de location de voitures<\/strong> pour r\u00e9pondre aux besoins de nos clients, en cr\u00e9ant de la valeur pour nos partenaires, nos employ\u00e9s, nos fournisseurs et les communaut\u00e9s locales, sur la base de la durabilit\u00e9 et d&#8217;un engagement \u00e0 minimiser l&#8217;impact de notre activit\u00e9 sur l&#8217;environnement.[\/vc_column_text][\/vc_column_inner][\/vc_row_inner][\/vc_column][\/vc_row][vc_row full_width=&#8221;stretch_row_content_no_spaces&#8221; css=&#8221;.vc_custom_1713523674151{background-color: #1b1e1f !important;}&#8221; el_class=&#8221;banner porque-carfast&#8221;][vc_column][vc_custom_heading text=&#8221;POURQUOI CHOISIR CARFAST&#8221; font_container=&#8221;tag:h2|text_align:center&#8221; use_theme_fonts=&#8221;yes&#8221;][vc_row_inner][vc_column_inner width=&#8221;1\/3&#8243;][vc_single_image image=&#8221;170&#8243; img_size=&#8221;full&#8221; alignment=&#8221;center&#8221;][vc_custom_heading text=&#8221;Flotte&#8221; font_container=&#8221;tag:h5|text_align:center&#8221; use_theme_fonts=&#8221;yes&#8221;][vc_column_text]<\/p>\n<p style=\"text-align: center;\">de premi\u00e8re bien entretenue et propre<\/p>\n<p>[\/vc_column_text][\/vc_column_inner][vc_column_inner width=&#8221;1\/3&#8243;][vc_single_image image=&#8221;169&#8243; img_size=&#8221;full&#8221; alignment=&#8221;center&#8221;][vc_custom_heading text=&#8221;Service&#8221; font_container=&#8221;tag:h5|text_align:center&#8221; use_theme_fonts=&#8221;yes&#8221;][vc_column_text]<\/p>\n<p style=\"text-align: center;\">efficace, rapide et prudent<\/p>\n<p>[\/vc_column_text][\/vc_column_inner][vc_column_inner width=&#8221;1\/3&#8243;][vc_single_image image=&#8221;168&#8243; img_size=&#8221;full&#8221; alignment=&#8221;center&#8221;][vc_custom_heading text=&#8221;L&#8217;\u00e9quipe&#8221; font_container=&#8221;tag:h5|text_align:center&#8221; use_theme_fonts=&#8221;yes&#8221;][vc_column_text]<\/p>\n<p style=\"text-align: center;\">serviable, attentive et devou\u00e9<\/p>\n<p>[\/vc_column_text][\/vc_column_inner][\/vc_row_inner][\/vc_column][\/vc_row][vc_row full_width=&#8221;stretch_row_content_no_spaces&#8221; equal_height=&#8221;yes&#8221; css=&#8221;.vc_custom_1713524680210{background-color: #c21522 !important;}&#8221; el_class=&#8221;banner&#8221;][vc_column width=&#8221;1\/2&#8243;][vc_custom_heading text=&#8221;D\u00e9couvrez&#8221; font_container=&#8221;tag:h3|text_align:left&#8221; use_theme_fonts=&#8221;yes&#8221;][vc_custom_heading text=&#8221;NOS SERVICES&#8221; use_theme_fonts=&#8221;yes&#8221;][\/vc_column][vc_column width=&#8221;1\/2&#8243;][vc_btn title=&#8221;En savoir plus&#8221; align=&#8221;right&#8221; el_class=&#8221;btn-banner&#8221; link=&#8221;url:https%3A%2F%2Fcarfast.pt%2Ffr%2Fservices%2F|title:Vantagens&#8221;][\/vc_column][\/vc_row]<\/p>\n","protected":false},"excerpt":{"rendered":"<p>[vc_row full_width=&#8221;stretch_row_content_no_spaces&#8221; el_class=&#8221;container-pagina quem-somos&#8221;][vc_column][vc_custom_heading text=&#8221;\u00c0 PROPOS&#8221; font_container=&#8221;tag:h1|text_align:left&#8221; use_theme_fonts=&#8221;yes&#8221; el_class=&#8221;titulo&#8221;][vc_row_inner][vc_column_inner width=&#8221;1\/2&#8243;][vc_single_image image=&#8221;167&#8243; img_size=&#8221;full&#8221;][\/vc_column_inner][vc_column_inner width=&#8221;1\/2&#8243;][vc_column_text el_class=&#8221;txt&#8221; css=&#8221;.vc_custom_1736254380650{padding-top: 50px !important;}&#8221;]Avec une position de premier plan sur le march\u00e9, CARFAST dispose d&#8217;une large flotte de v\u00e9hicules et de services qui r\u00e9pondent aux besoins des clients priv\u00e9s et des entreprises. Notre vision est d&#8217;\u00eatre une soci\u00e9t\u00e9 de location de voitures [&hellip;]<\/p>\n","protected":false},"author":1,"featured_media":0,"parent":0,"menu_order":0,"comment_status":"closed","ping_status":"closed","template":"","meta":{"footnotes":""},"class_list":["post-69080","page","type-page","status-publish","hentry"],"yoast_head":"<!-- This site is optimized with the Yoast SEO plugin v27.4 - https:\/\/yoast.com\/product\/yoast-seo-wordpress\/ -->\n<title>\u00c0 Propos - Carfast<\/title>\n<meta name=\"robots\" content=\"index, follow, max-snippet:-1, max-image-preview:large, max-video-preview:-1\" \/>\n<link rel=\"canonical\" href=\"https:\/\/carfast.pt\/fr\/a-propos-de-nous\/\" \/>\n<meta property=\"og:locale\" content=\"fr_FR\" \/>\n<meta property=\"og:type\" content=\"article\" \/>\n<meta property=\"og:title\" content=\"\u00c0 Propos - Carfast\" \/>\n<meta property=\"og:description\" content=\"[vc_row full_width=&#8221;stretch_row_content_no_spaces&#8221; el_class=&#8221;container-pagina quem-somos&#8221;][vc_column][vc_custom_heading text=&#8221;\u00c0 PROPOS&#8221; font_container=&#8221;tag:h1|text_align:left&#8221; use_theme_fonts=&#8221;yes&#8221; el_class=&#8221;titulo&#8221;][vc_row_inner][vc_column_inner width=&#8221;1\/2&#8243;][vc_single_image image=&#8221;167&#8243; img_size=&#8221;full&#8221;][\/vc_column_inner][vc_column_inner width=&#8221;1\/2&#8243;][vc_column_text el_class=&#8221;txt&#8221; css=&#8221;.vc_custom_1736254380650{padding-top: 50px !important;}&#8221;]Avec une position de premier plan sur le march\u00e9, CARFAST dispose d&#8217;une large flotte de v\u00e9hicules et de services qui r\u00e9pondent aux besoins des clients priv\u00e9s et des entreprises. Notre vision est d&#8217;\u00eatre une soci\u00e9t\u00e9 de location de voitures [&hellip;]\" \/>\n<meta property=\"og:url\" content=\"https:\/\/carfast.pt\/fr\/a-propos-de-nous\/\" \/>\n<meta property=\"og:site_name\" content=\"Carfast\" \/>\n<meta property=\"article:modified_time\" content=\"2025-01-24T12:46:29+00:00\" \/>\n<meta name=\"twitter:card\" content=\"summary_large_image\" \/>\n<meta name=\"twitter:label1\" content=\"Est. reading time\" \/>\n\t<meta name=\"twitter:data1\" content=\"2 minutes\" \/>\n<script type=\"application\/ld+json\" class=\"yoast-schema-graph\">{\"@context\":\"https:\\\/\\\/schema.org\",\"@graph\":[{\"@type\":\"WebPage\",\"@id\":\"https:\\\/\\\/carfast.pt\\\/fr\\\/a-propos-de-nous\\\/\",\"url\":\"https:\\\/\\\/carfast.pt\\\/fr\\\/a-propos-de-nous\\\/\",\"name\":\"\u00c0 Propos - Carfast\",\"isPartOf\":{\"@id\":\"https:\\\/\\\/carfast.pt\\\/#website\"},\"datePublished\":\"2024-03-06T10:07:07+00:00\",\"dateModified\":\"2025-01-24T12:46:29+00:00\",\"breadcrumb\":{\"@id\":\"https:\\\/\\\/carfast.pt\\\/fr\\\/a-propos-de-nous\\\/#breadcrumb\"},\"inLanguage\":\"fr-FR\",\"potentialAction\":[{\"@type\":\"ReadAction\",\"target\":[\"https:\\\/\\\/carfast.pt\\\/fr\\\/a-propos-de-nous\\\/\"]}]},{\"@type\":\"BreadcrumbList\",\"@id\":\"https:\\\/\\\/carfast.pt\\\/fr\\\/a-propos-de-nous\\\/#breadcrumb\",\"itemListElement\":[{\"@type\":\"ListItem\",\"position\":1,\"name\":\"In\u00edcio\",\"item\":\"https:\\\/\\\/carfast.pt\\\/fr\\\/\"},{\"@type\":\"ListItem\",\"position\":2,\"name\":\"\u00c0 Propos\"}]},{\"@type\":\"WebSite\",\"@id\":\"https:\\\/\\\/carfast.pt\\\/#website\",\"url\":\"https:\\\/\\\/carfast.pt\\\/\",\"name\":\"Carfast\",\"description\":\"Aluguer de viaturas Premium ao melhor pre\u00e7o de Portugal!\",\"alternateName\":\"CARFAST - Premium Rent-a-Car\",\"potentialAction\":[{\"@type\":\"SearchAction\",\"target\":{\"@type\":\"EntryPoint\",\"urlTemplate\":\"https:\\\/\\\/carfast.pt\\\/?s={search_term_string}\"},\"query-input\":{\"@type\":\"PropertyValueSpecification\",\"valueRequired\":true,\"valueName\":\"search_term_string\"}}],\"inLanguage\":\"fr-FR\"}]}<\/script>\n<!-- \/ Yoast SEO plugin. -->","yoast_head_json":{"title":"\u00c0 Propos - Carfast","robots":{"index":"index","follow":"follow","max-snippet":"max-snippet:-1","max-image-preview":"max-image-preview:large","max-video-preview":"max-video-preview:-1"},"canonical":"https:\/\/carfast.pt\/fr\/a-propos-de-nous\/","og_locale":"fr_FR","og_type":"article","og_title":"\u00c0 Propos - Carfast","og_description":"[vc_row full_width=&#8221;stretch_row_content_no_spaces&#8221; el_class=&#8221;container-pagina quem-somos&#8221;][vc_column][vc_custom_heading text=&#8221;\u00c0 PROPOS&#8221; font_container=&#8221;tag:h1|text_align:left&#8221; use_theme_fonts=&#8221;yes&#8221; el_class=&#8221;titulo&#8221;][vc_row_inner][vc_column_inner width=&#8221;1\/2&#8243;][vc_single_image image=&#8221;167&#8243; img_size=&#8221;full&#8221;][\/vc_column_inner][vc_column_inner width=&#8221;1\/2&#8243;][vc_column_text el_class=&#8221;txt&#8221; css=&#8221;.vc_custom_1736254380650{padding-top: 50px !important;}&#8221;]Avec une position de premier plan sur le march\u00e9, CARFAST dispose d&#8217;une large flotte de v\u00e9hicules et de services qui r\u00e9pondent aux besoins des clients priv\u00e9s et des entreprises. Notre vision est d&#8217;\u00eatre une soci\u00e9t\u00e9 de location de voitures [&hellip;]","og_url":"https:\/\/carfast.pt\/fr\/a-propos-de-nous\/","og_site_name":"Carfast","article_modified_time":"2025-01-24T12:46:29+00:00","twitter_card":"summary_large_image","twitter_misc":{"Est. reading time":"2 minutes"},"schema":{"@context":"https:\/\/schema.org","@graph":[{"@type":"WebPage","@id":"https:\/\/carfast.pt\/fr\/a-propos-de-nous\/","url":"https:\/\/carfast.pt\/fr\/a-propos-de-nous\/","name":"\u00c0 Propos - Carfast","isPartOf":{"@id":"https:\/\/carfast.pt\/#website"},"datePublished":"2024-03-06T10:07:07+00:00","dateModified":"2025-01-24T12:46:29+00:00","breadcrumb":{"@id":"https:\/\/carfast.pt\/fr\/a-propos-de-nous\/#breadcrumb"},"inLanguage":"fr-FR","potentialAction":[{"@type":"ReadAction","target":["https:\/\/carfast.pt\/fr\/a-propos-de-nous\/"]}]},{"@type":"BreadcrumbList","@id":"https:\/\/carfast.pt\/fr\/a-propos-de-nous\/#breadcrumb","itemListElement":[{"@type":"ListItem","position":1,"name":"In\u00edcio","item":"https:\/\/carfast.pt\/fr\/"},{"@type":"ListItem","position":2,"name":"\u00c0 Propos"}]},{"@type":"WebSite","@id":"https:\/\/carfast.pt\/#website","url":"https:\/\/carfast.pt\/","name":"Carfast","description":"Aluguer de viaturas Premium ao melhor pre\u00e7o de Portugal!","alternateName":"CARFAST - Premium Rent-a-Car","potentialAction":[{"@type":"SearchAction","target":{"@type":"EntryPoint","urlTemplate":"https:\/\/carfast.pt\/?s={search_term_string}"},"query-input":{"@type":"PropertyValueSpecification","valueRequired":true,"valueName":"search_term_string"}}],"inLanguage":"fr-FR"}]}},"_links":{"self":[{"href":"https:\/\/carfast.pt\/fr\/wp-json\/wp\/v2\/pages\/69080","targetHints":{"allow":["GET"]}}],"collection":[{"href":"https:\/\/carfast.pt\/fr\/wp-json\/wp\/v2\/pages"}],"about":[{"href":"https:\/\/carfast.pt\/fr\/wp-json\/wp\/v2\/types\/page"}],"author":[{"embeddable":true,"href":"https:\/\/carfast.pt\/fr\/wp-json\/wp\/v2\/users\/1"}],"replies":[{"embeddable":true,"href":"https:\/\/carfast.pt\/fr\/wp-json\/wp\/v2\/comments?post=69080"}],"version-history":[{"count":0,"href":"https:\/\/carfast.pt\/fr\/wp-json\/wp\/v2\/pages\/69080\/revisions"}],"wp:attachment":[{"href":"https:\/\/carfast.pt\/fr\/wp-json\/wp\/v2\/media?parent=69080"}],"curies":[{"name":"wp","href":"https:\/\/api.w.org\/{rel}","templated":true}]}}