{"id":69075,"date":"2024-03-06T10:06:52","date_gmt":"2024-03-06T10:06:52","guid":{"rendered":"https:\/\/carfast.pt\/services\/"},"modified":"2025-01-09T11:01:38","modified_gmt":"2025-01-09T11:01:38","slug":"services","status":"publish","type":"page","link":"https:\/\/carfast.pt\/fr\/services\/","title":{"rendered":"SERVICES"},"content":{"rendered":"<p>[vc_row full_width=&#8221;stretch_row_content_no_spaces&#8221; el_class=&#8221;container-pagina servicos&#8221;][vc_column][vc_custom_heading source=&#8221;post_title&#8221; font_container=&#8221;tag:h1|text_align:left&#8221; use_theme_fonts=&#8221;yes&#8221; el_class=&#8221;title&#8221;][vc_row_inner equal_height=&#8221;yes&#8221;][vc_column_inner width=&#8221;1\/2&#8243;][vc_custom_heading text=&#8221;Location de voitures pour les entreprises&#8221; use_theme_fonts=&#8221;yes&#8221;][vc_column_text]<\/p>\n<p style=\"font-size: 14px; line-height: 22px;\">Votre entreprise a besoin d&#8217;une flotte flexible et efficace, pr\u00eate \u00e0 relever tous les d\u00e9fis ?<\/p>\n<p style=\"font-size: 14px; line-height: 22px;\">Chez CARFAST, nous avons la solution parfaite pour votre entreprise! Nous proposons des <strong>services de location de voitures pour les flottes d&#8217;entreprise, adapt\u00e9s aux besoins de votre organisation.<\/strong><br \/>\nQue ce soit pour les petites ou les grandes entreprises, nous avons les bonnes options pour optimiser votre mobilit\u00e9 et celle de vos \u00e9quipes, \u00e0 des conditions exclusives!<\/p>\n<p style=\"font-size: 14px; line-height: 22px;\">Contactez-nous et d\u00e9couvrez comment nous pouvons aider votre entreprise \u00e0 se d\u00e9placer de mani\u00e8re efficace et fiable!<\/p>\n<p>[\/vc_column_text][\/vc_column_inner][vc_column_inner width=&#8221;1\/2&#8243;][vc_single_image image=&#8221;4331&#8243; img_size=&#8221;full&#8221;][\/vc_column_inner][\/vc_row_inner][vc_row_inner equal_height=&#8221;yes&#8221;][vc_column_inner width=&#8221;1\/2&#8243;][vc_single_image image=&#8221;218&#8243; img_size=&#8221;full&#8221;][\/vc_column_inner][vc_column_inner width=&#8221;1\/2&#8243;][vc_custom_heading text=&#8221;Land n&apos; Go&#8221; use_theme_fonts=&#8221;yes&#8221;][vc_column_text]<\/p>\n<p style=\"font-size: 14px; line-height: 22px;\">Voyagez dans le plus grand confort!<\/p>\n<p style=\"font-size: 14px; line-height: 22px;\">Notre service de <strong>navettes gratuites<\/strong> vous attend \u00e0 l&#8217;a\u00e9roport de Porto.<\/p>\n<p>[\/vc_column_text][\/vc_column_inner][\/vc_row_inner][vc_row_inner][vc_column_inner width=&#8221;1\/2&#8243;][vc_custom_heading text=&#8221;GPS&#8221; use_theme_fonts=&#8221;yes&#8221;][vc_column_text]<\/p>\n<p style=\"font-size: 14px; line-height: 22px;\">Les v\u00e9hicules CARFAST sont \u00e9quip\u00e9s d&#8217;un GPS.<\/p>\n<p style=\"font-size: 12px; line-height: 18px;\">Ce service peut faire l&#8217;objet de frais suppl\u00e9mentaires<\/p>\n<p>[\/vc_column_text][\/vc_column_inner][vc_column_inner width=&#8221;1\/2&#8243;][vc_single_image image=&#8221;4334&#8243; img_size=&#8221;full&#8221;][\/vc_column_inner][\/vc_row_inner][vc_row_inner equal_height=&#8221;yes&#8221;][vc_column_inner width=&#8221;1\/2&#8243;][vc_single_image image=&#8221;215&#8243; img_size=&#8221;full&#8221;][\/vc_column_inner][vc_column_inner width=&#8221;1\/2&#8243;][vc_custom_heading text=&#8221;FASTrefuel&#8221; use_theme_fonts=&#8221;yes&#8221;][vc_column_text]<\/p>\n<p style=\"font-size: 14px; line-height: 22px;\">Pour votre confort, CARFAST vous offre la possibilit\u00e9 de <strong>restituer le v\u00e9hicule sans avoir \u00e0 faire le plein de carburant.<\/strong><\/p>\n<p style=\"font-size: 12px; line-height: 18px;\">Ce service peut faire l&#8217;objet de frais suppl\u00e9mentaires<\/p>\n<p>[\/vc_column_text][\/vc_column_inner][\/vc_row_inner][vc_row_inner equal_height=&#8221;yes&#8221;][vc_column_inner width=&#8221;1\/2&#8243;][vc_custom_heading text=&#8221;Second DRIVER&#8221; use_theme_fonts=&#8221;yes&#8221;][vc_column_text]<\/p>\n<p style=\"font-size: 14px; line-height: 22px;\">Partagez votre exp\u00e9rience de conduite!<\/p>\n<p style=\"font-size: 14px; line-height: 22px;\">Enregistrez un <strong>conducteur suppl\u00e9mentaire <\/strong>pour votre location de voiture avec CARFAST !<\/p>\n<p style=\"font-size: 12px; line-height: 18px;\">Ce service peut \u00eatre soumis \u00e0 des frais suppl\u00e9mentaires.<\/p>\n<p>[\/vc_column_text][\/vc_column_inner][vc_column_inner width=&#8221;1\/2&#8243;][vc_single_image image=&#8221;220&#8243; img_size=&#8221;full&#8221;][\/vc_column_inner][\/vc_row_inner][vc_row_inner equal_height=&#8221;yes&#8221;][vc_column_inner width=&#8221;1\/2&#8243;][vc_single_image image=&#8221;216&#8243; img_size=&#8221;full&#8221;][\/vc_column_inner][vc_column_inner width=&#8221;1\/2&#8243;][vc_custom_heading text=&#8221;eFAST&#8221; use_theme_fonts=&#8221;yes&#8221;][vc_column_text]<\/p>\n<p style=\"font-size: 14px; line-height: 22px;\">Pour votre confort, les v\u00e9hicules CARFAST sont \u00e9quip\u00e9s d&#8217;un <strong>dispositif de plaque d&#8217;immatriculation \u00e9lectronique<\/strong> (DIM) ou Via Verde.<\/p>\n<p style=\"font-size: 14px; line-height: 22px;\">Ce service vous garantit la solution la plus pratique car il vous permet d&#8217;effectuer le paiement automatique de tous les frais dus pour le franchissement de toute barri\u00e8re de p\u00e9age \u00e9lectronique sur les infrastructures routi\u00e8res, les autoroutes et les ponts, lors de l&#8217;utilisation d&#8217;un v\u00e9hicule CARFAST au Portugal.<\/p>\n<p style=\"font-size: 12px; line-height: 18px;\">Ce service peut \u00eatre soumis \u00e0 des frais suppl\u00e9mentaires.<\/p>\n<p>[\/vc_column_text][\/vc_column_inner][\/vc_row_inner][vc_row_inner][vc_column_inner width=&#8221;1\/2&#8243;][vc_custom_heading text=&#8221;Si\u00e8ge auto pour b\u00e9b\u00e9 \/ enfant&#8221; use_theme_fonts=&#8221;yes&#8221;][vc_column_text]<\/p>\n<p style=\"font-size: 14px; line-height: 22px;\">La s\u00e9curit\u00e9 de vos enfants est tr\u00e8s importante pour nous!<\/p>\n<p style=\"font-size: 14px; line-height: 22px;\"><strong>Ajoutez un si\u00e8ge auto pour enfant \u00e0 votre r\u00e9servation CARFAST.<\/strong><\/p>\n<p style=\"font-size: 12px; line-height: 18px;\">Ce service peut faire l&#8217;objet de frais suppl\u00e9mentaires<\/p>\n<p>[\/vc_column_text][\/vc_column_inner][vc_column_inner width=&#8221;1\/2&#8243;][vc_single_image image=&#8221;4338&#8243; img_size=&#8221;full&#8221;][\/vc_column_inner][\/vc_row_inner][vc_row_inner equal_height=&#8221;yes&#8221;][vc_column_inner width=&#8221;1\/2&#8243;][vc_single_image image=&#8221;219&#8243; img_size=&#8221;full&#8221;][\/vc_column_inner][vc_column_inner width=&#8221;1\/2&#8243;][vc_custom_heading text=&#8221;CARFAST Service&#8221; use_theme_fonts=&#8221;yes&#8221;][vc_column_text]<\/p>\n<p style=\"font-size: 14px; line-height: 22px;\">CARFAST dispose d&#8217;un <strong>r\u00e9seau de partenaires et de repr\u00e9sentants officiels<\/strong>, tant au niveau national qu&#8217;international, pour offrir \u00e0 ses clients un service d&#8217;excellence avec la garantie de la qualit\u00e9 de service CARFAST !<\/p>\n<p style=\"font-size: 14px; line-height: 22px;\">Proximit\u00e9, service personnalis\u00e9, commodit\u00e9 et efficacit\u00e9 sont les principes qui r\u00e9gissent le r\u00e9seau &#8220;CARFAST SERVICE&#8221;.<\/p>\n<p>[\/vc_column_text][\/vc_column_inner][\/vc_row_inner][\/vc_column][\/vc_row][vc_row full_width=&#8221;stretch_row_content_no_spaces&#8221; equal_height=&#8221;yes&#8221; css=&#8221;.vc_custom_1713524680210{background-color: #c21522 !important;}&#8221; el_class=&#8221;banner&#8221;][vc_column width=&#8221;1\/2&#8243;][vc_custom_heading text=&#8221;Trouver nos agences au Portugal&#8221; font_container=&#8221;tag:h3|text_align:left&#8221; use_theme_fonts=&#8221;yes&#8221;][vc_custom_heading text=&#8221;Agences au Portugal&#8221; use_theme_fonts=&#8221;yes&#8221;][\/vc_column][vc_column width=&#8221;1\/2&#8243;][vc_btn title=&#8221;D\u00e9couvrir tous les sites&#8221; align=&#8221;right&#8221; el_class=&#8221;btn-banner&#8221; link=&#8221;url:https%3A%2F%2Fcarfast.pt%2Ffr%2Fagences%2F|title:Avantages&#8221;][\/vc_column][\/vc_row]<\/p>\n","protected":false},"excerpt":{"rendered":"<p>[vc_row full_width=&#8221;stretch_row_content_no_spaces&#8221; el_class=&#8221;container-pagina servicos&#8221;][vc_column][vc_custom_heading source=&#8221;post_title&#8221; font_container=&#8221;tag:h1|text_align:left&#8221; use_theme_fonts=&#8221;yes&#8221; el_class=&#8221;title&#8221;][vc_row_inner equal_height=&#8221;yes&#8221;][vc_column_inner width=&#8221;1\/2&#8243;][vc_custom_heading text=&#8221;Location de voitures pour les entreprises&#8221; use_theme_fonts=&#8221;yes&#8221;][vc_column_text] Votre entreprise a besoin d&#8217;une flotte flexible et efficace, pr\u00eate \u00e0 relever tous les d\u00e9fis ? Chez CARFAST, nous avons la solution parfaite pour votre entreprise! Nous proposons des services de location de voitures pour les flottes d&#8217;entreprise, [&hellip;]<\/p>\n","protected":false},"author":1,"featured_media":0,"parent":0,"menu_order":0,"comment_status":"closed","ping_status":"closed","template":"","meta":{"footnotes":""},"class_list":["post-69075","page","type-page","status-publish","hentry"],"yoast_head":"<!-- This site is optimized with the Yoast SEO plugin v25.6 - https:\/\/yoast.com\/wordpress\/plugins\/seo\/ -->\n<title>SERVICES - Carfast<\/title>\n<meta name=\"robots\" content=\"index, follow, max-snippet:-1, max-image-preview:large, max-video-preview:-1\" \/>\n<link rel=\"canonical\" href=\"https:\/\/carfast.pt\/fr\/services\/\" \/>\n<meta property=\"og:locale\" content=\"fr_FR\" \/>\n<meta property=\"og:type\" content=\"article\" \/>\n<meta property=\"og:title\" content=\"SERVICES - Carfast\" \/>\n<meta property=\"og:description\" content=\"[vc_row full_width=&#8221;stretch_row_content_no_spaces&#8221; el_class=&#8221;container-pagina servicos&#8221;][vc_column][vc_custom_heading source=&#8221;post_title&#8221; font_container=&#8221;tag:h1|text_align:left&#8221; use_theme_fonts=&#8221;yes&#8221; el_class=&#8221;title&#8221;][vc_row_inner equal_height=&#8221;yes&#8221;][vc_column_inner width=&#8221;1\/2&#8243;][vc_custom_heading text=&#8221;Location de voitures pour les entreprises&#8221; use_theme_fonts=&#8221;yes&#8221;][vc_column_text] Votre entreprise a besoin d&#8217;une flotte flexible et efficace, pr\u00eate \u00e0 relever tous les d\u00e9fis ? Chez CARFAST, nous avons la solution parfaite pour votre entreprise! Nous proposons des services de location de voitures pour les flottes d&#8217;entreprise, [&hellip;]\" \/>\n<meta property=\"og:url\" content=\"https:\/\/carfast.pt\/fr\/services\/\" \/>\n<meta property=\"og:site_name\" content=\"Carfast\" \/>\n<meta property=\"article:modified_time\" content=\"2025-01-09T11:01:38+00:00\" \/>\n<meta name=\"twitter:card\" content=\"summary_large_image\" \/>\n<meta name=\"twitter:label1\" content=\"Est. reading time\" \/>\n\t<meta name=\"twitter:data1\" content=\"3 minutes\" \/>\n<script type=\"application\/ld+json\" class=\"yoast-schema-graph\">{\"@context\":\"https:\/\/schema.org\",\"@graph\":[{\"@type\":\"WebPage\",\"@id\":\"https:\/\/carfast.pt\/fr\/services\/\",\"url\":\"https:\/\/carfast.pt\/fr\/services\/\",\"name\":\"SERVICES - Carfast\",\"isPartOf\":{\"@id\":\"https:\/\/carfast.pt\/#website\"},\"datePublished\":\"2024-03-06T10:06:52+00:00\",\"dateModified\":\"2025-01-09T11:01:38+00:00\",\"breadcrumb\":{\"@id\":\"https:\/\/carfast.pt\/fr\/services\/#breadcrumb\"},\"inLanguage\":\"fr-FR\",\"potentialAction\":[{\"@type\":\"ReadAction\",\"target\":[\"https:\/\/carfast.pt\/fr\/services\/\"]}]},{\"@type\":\"BreadcrumbList\",\"@id\":\"https:\/\/carfast.pt\/fr\/services\/#breadcrumb\",\"itemListElement\":[{\"@type\":\"ListItem\",\"position\":1,\"name\":\"In\u00edcio\",\"item\":\"https:\/\/carfast.pt\/fr\/\"},{\"@type\":\"ListItem\",\"position\":2,\"name\":\"SERVICES\"}]},{\"@type\":\"WebSite\",\"@id\":\"https:\/\/carfast.pt\/#website\",\"url\":\"https:\/\/carfast.pt\/\",\"name\":\"Carfast\",\"description\":\"Aluguer de viaturas Premium ao melhor pre\u00e7o de Portugal!\",\"alternateName\":\"CARFAST - Premium Rent-a-Car\",\"potentialAction\":[{\"@type\":\"SearchAction\",\"target\":{\"@type\":\"EntryPoint\",\"urlTemplate\":\"https:\/\/carfast.pt\/?s={search_term_string}\"},\"query-input\":{\"@type\":\"PropertyValueSpecification\",\"valueRequired\":true,\"valueName\":\"search_term_string\"}}],\"inLanguage\":\"fr-FR\"}]}<\/script>\n<!-- \/ Yoast SEO plugin. -->","yoast_head_json":{"title":"SERVICES - Carfast","robots":{"index":"index","follow":"follow","max-snippet":"max-snippet:-1","max-image-preview":"max-image-preview:large","max-video-preview":"max-video-preview:-1"},"canonical":"https:\/\/carfast.pt\/fr\/services\/","og_locale":"fr_FR","og_type":"article","og_title":"SERVICES - Carfast","og_description":"[vc_row full_width=&#8221;stretch_row_content_no_spaces&#8221; el_class=&#8221;container-pagina servicos&#8221;][vc_column][vc_custom_heading source=&#8221;post_title&#8221; font_container=&#8221;tag:h1|text_align:left&#8221; use_theme_fonts=&#8221;yes&#8221; el_class=&#8221;title&#8221;][vc_row_inner equal_height=&#8221;yes&#8221;][vc_column_inner width=&#8221;1\/2&#8243;][vc_custom_heading text=&#8221;Location de voitures pour les entreprises&#8221; use_theme_fonts=&#8221;yes&#8221;][vc_column_text] Votre entreprise a besoin d&#8217;une flotte flexible et efficace, pr\u00eate \u00e0 relever tous les d\u00e9fis ? Chez CARFAST, nous avons la solution parfaite pour votre entreprise! Nous proposons des services de location de voitures pour les flottes d&#8217;entreprise, [&hellip;]","og_url":"https:\/\/carfast.pt\/fr\/services\/","og_site_name":"Carfast","article_modified_time":"2025-01-09T11:01:38+00:00","twitter_card":"summary_large_image","twitter_misc":{"Est. reading time":"3 minutes"},"schema":{"@context":"https:\/\/schema.org","@graph":[{"@type":"WebPage","@id":"https:\/\/carfast.pt\/fr\/services\/","url":"https:\/\/carfast.pt\/fr\/services\/","name":"SERVICES - Carfast","isPartOf":{"@id":"https:\/\/carfast.pt\/#website"},"datePublished":"2024-03-06T10:06:52+00:00","dateModified":"2025-01-09T11:01:38+00:00","breadcrumb":{"@id":"https:\/\/carfast.pt\/fr\/services\/#breadcrumb"},"inLanguage":"fr-FR","potentialAction":[{"@type":"ReadAction","target":["https:\/\/carfast.pt\/fr\/services\/"]}]},{"@type":"BreadcrumbList","@id":"https:\/\/carfast.pt\/fr\/services\/#breadcrumb","itemListElement":[{"@type":"ListItem","position":1,"name":"In\u00edcio","item":"https:\/\/carfast.pt\/fr\/"},{"@type":"ListItem","position":2,"name":"SERVICES"}]},{"@type":"WebSite","@id":"https:\/\/carfast.pt\/#website","url":"https:\/\/carfast.pt\/","name":"Carfast","description":"Aluguer de viaturas Premium ao melhor pre\u00e7o de Portugal!","alternateName":"CARFAST - Premium Rent-a-Car","potentialAction":[{"@type":"SearchAction","target":{"@type":"EntryPoint","urlTemplate":"https:\/\/carfast.pt\/?s={search_term_string}"},"query-input":{"@type":"PropertyValueSpecification","valueRequired":true,"valueName":"search_term_string"}}],"inLanguage":"fr-FR"}]}},"_links":{"self":[{"href":"https:\/\/carfast.pt\/fr\/wp-json\/wp\/v2\/pages\/69075","targetHints":{"allow":["GET"]}}],"collection":[{"href":"https:\/\/carfast.pt\/fr\/wp-json\/wp\/v2\/pages"}],"about":[{"href":"https:\/\/carfast.pt\/fr\/wp-json\/wp\/v2\/types\/page"}],"author":[{"embeddable":true,"href":"https:\/\/carfast.pt\/fr\/wp-json\/wp\/v2\/users\/1"}],"replies":[{"embeddable":true,"href":"https:\/\/carfast.pt\/fr\/wp-json\/wp\/v2\/comments?post=69075"}],"version-history":[{"count":0,"href":"https:\/\/carfast.pt\/fr\/wp-json\/wp\/v2\/pages\/69075\/revisions"}],"wp:attachment":[{"href":"https:\/\/carfast.pt\/fr\/wp-json\/wp\/v2\/media?parent=69075"}],"curies":[{"name":"wp","href":"https:\/\/api.w.org\/{rel}","templated":true}]}}