{"id":30874,"date":"2024-03-06T10:50:26","date_gmt":"2024-03-06T10:50:26","guid":{"rendered":"https:\/\/carfast.pt\/politique-de-confidentialite-et-de-protection-des-donnees\/"},"modified":"2024-12-19T16:54:45","modified_gmt":"2024-12-19T16:54:45","slug":"politique-de-confidentialite-et-de-protection-des-donnees","status":"publish","type":"page","link":"https:\/\/carfast.pt\/fr\/politique-de-confidentialite-et-de-protection-des-donnees\/","title":{"rendered":"Politique de confidentialit\u00e9 et de protection des donn\u00e9es"},"content":{"rendered":"<p>[vc_row full_width=&#8221;stretch_row_content_no_spaces&#8221; el_class=&#8221;page-doc&#8221;][vc_column][vc_custom_heading source=&#8221;post_title&#8221; font_container=&#8221;tag:h1|text_align:left&#8221; use_theme_fonts=&#8221;yes&#8221;][vc_custom_heading text=&#8221;1. Utilisation des donn\u00e9es personnelles&#8221; font_container=&#8221;tag:h3|text_align:left&#8221; use_theme_fonts=&#8221;yes&#8221; css=&#8221;.vc_custom_1732712875034{padding-bottom: 20px !important;}&#8221;][vc_column_text]1. Utilisation des donn\u00e9es personnelles<br \/>Les donn\u00e9es personnelles fournies \u00e0 CARFAST Rent-a-Car, Lda. sont trait\u00e9es automatiquement et utilis\u00e9es pour confirmer et ex\u00e9cuter le contrat de location de voiture et remplir les obligations l\u00e9gales. Elles peuvent \u00e9galement \u00eatre utilis\u00e9es pour envoyer des campagnes de marketing, des promotions et des r\u00e9ductions li\u00e9es \u00e0 nos services, toujours sur la base du consentement pr\u00e9alable de la personne concern\u00e9e.[\/vc_column_text][vc_custom_heading text=&#8221;2. Responsabilit\u00e9 du traitement des donn\u00e9es&#8221; font_container=&#8221;tag:h3|text_align:left&#8221; use_theme_fonts=&#8221;yes&#8221; css=&#8221;.vc_custom_1732712878978{padding-bottom: 20px !important;}&#8221;][vc_column_text]CARFAST Rent-a-Car, Lda. est responsable du traitement des donn\u00e9es personnelles collect\u00e9es, en assurant leur traitement correct \u00e0 partir du moment o\u00f9 elles sont collect\u00e9es jusqu&#8217;\u00e0 leur suppression, conform\u00e9ment aux obligations l\u00e9gales \u00e9tablies par la l\u00e9gislation sur la protection des donn\u00e9es personnelles en vigueur.[\/vc_column_text][vc_custom_heading text=&#8221;3. Donn\u00e9es collect\u00e9es&#8221; font_container=&#8221;tag:h3|text_align:left&#8221; use_theme_fonts=&#8221;yes&#8221; css=&#8221;.vc_custom_1732712882906{padding-bottom: 20px !important;}&#8221;][vc_column_text]Outre les donn\u00e9es personnelles collect\u00e9es en remplissant les formulaires disponibles sur notre site Web, lors de la navigation sur le site Web de CARFAST Rent-a-Car, Lda., des donn\u00e9es suppl\u00e9mentaires peuvent \u00eatre collect\u00e9es, telles que le nom de domaine du fournisseur d&#8217;acc\u00e8s Internet, la date et l&#8217;heure d&#8217;acc\u00e8s au site Web, le lien d&#8217;origine et le nombre de visiteurs quotidiens de chaque section. Ces donn\u00e9es sont utilis\u00e9es \u00e0 des fins statistiques et pour am\u00e9liorer l&#8217;exp\u00e9rience de navigation.[\/vc_column_text][vc_custom_heading text=&#8221;4. Finalit\u00e9 du traitement des donn\u00e9es&#8221; font_container=&#8221;tag:h3|text_align:left&#8221; use_theme_fonts=&#8221;yes&#8221; css=&#8221;.vc_custom_1732712887278{padding-bottom: 20px !important;}&#8221;][vc_column_text]Les donn\u00e9es personnelles fournies sont utilis\u00e9es exclusivement aux fins mentionn\u00e9es et, dans certains cas, peuvent \u00eatre partag\u00e9es avec des soci\u00e9t\u00e9s partenaires fournissant des services, notamment en cas de n\u00e9cessit\u00e9 de sous-location. La communication des donn\u00e9es personnelles est indispensable \u00e0 l&#8217;\u00e9tablissement du contrat de location. Si vous ne fournissez pas les donn\u00e9es n\u00e9cessaires, il ne sera pas possible de poursuivre le processus de location.[\/vc_column_text][vc_custom_heading text=&#8221;5. Sous-traitance du traitement des donn\u00e9es&#8221; font_container=&#8221;tag:h3|text_align:left&#8221; use_theme_fonts=&#8221;yes&#8221; css=&#8221;.vc_custom_1732712904362{padding-bottom: 20px !important;}&#8221;][vc_column_text]CARFAST Rent-a-Car, Lda. utilise un sous-traitant pour traiter les donn\u00e9es personnelles, notamment pour envoyer des campagnes de marketing, des promotions et des r\u00e9ductions. Cette entit\u00e9 est Brand Power &#8211; Marketing e Comunica\u00e7\u00e3o, Lda, inscrite au registre du commerce de Trofa, avec le num\u00e9ro de TVA 510 464 700.[\/vc_column_text][vc_custom_heading text=&#8221;6. Conservation des donn\u00e9es personnelles&#8221; font_container=&#8221;tag:h3|text_align:left&#8221; use_theme_fonts=&#8221;yes&#8221; css=&#8221;.vc_custom_1732712907949{padding-bottom: 20px !important;}&#8221;][vc_column_text]Les donn\u00e9es personnelles seront conserv\u00e9es pendant la p\u00e9riode n\u00e9cessaire pour atteindre les objectifs pour lesquels elles ont \u00e9t\u00e9 collect\u00e9es et\/ou jusqu&#8217;\u00e0 ce que la personne concern\u00e9e demande leur suppression, dans les limites l\u00e9gales applicables.[\/vc_column_text][vc_custom_heading text=&#8221;7. Droits de la personne concern\u00e9e&#8221; font_container=&#8221;tag:h3|text_align:left&#8221; use_theme_fonts=&#8221;yes&#8221; css=&#8221;.vc_custom_1732712911910{padding-bottom: 20px !important;}&#8221;][vc_column_text]La personne concern\u00e9e a le droit de demander l&#8217;acc\u00e8s, la rectification, l&#8217;effacement, la limitation du traitement, l&#8217;opposition au traitement et la portabilit\u00e9 de ses donn\u00e9es. Pour exercer ces droits, vous pouvez nous contacter par e-mail : geral@carfast.pt.[\/vc_column_text][vc_custom_heading text=&#8221;8. Base juridique du traitement des donn\u00e9es&#8221; font_container=&#8221;tag:h3|text_align:left&#8221; use_theme_fonts=&#8221;yes&#8221; css=&#8221;.vc_custom_1732712915818{padding-bottom: 20px !important;}&#8221;][vc_column_text]Conform\u00e9ment au r\u00e8glement (UE) 2016\/679 du Parlement europ\u00e9en et du Conseil du 27 avril 2016 (GDPR), la soci\u00e9t\u00e9 de location vous informe de ce qui suit : a) L&#8217;entit\u00e9 responsable du traitement des donn\u00e9es personnelles fournies dans le cadre du contrat est la soci\u00e9t\u00e9 de location CARFAST Rent-a-Car. Lda, dont le si\u00e8ge social est situ\u00e9 Rua das Ind\u00fastrias, n\u00ba 220 4785-625 Trofa ; b) Le traitement des donn\u00e9es personnelles a pour but de conclure et d&#8217;ex\u00e9cuter le pr\u00e9sent contrat, conform\u00e9ment \u00e0 l&#8217;article 6.1(b) du GDPR : c) Les donn\u00e9es personnelles peuvent \u00eatre transmises \u00e0 des tiers dans le but d&#8217;assurer le respect de toute obligation l\u00e9gale \u00e0 laquelle le loueur est soumis, conform\u00e9ment \u00e0 l&#8217;article 6.8(1)(c) du GDPR. d) Les donn\u00e9es \u00e0 caract\u00e8re personnel peuvent \u00eatre trait\u00e9es \u00e0 d&#8217;autres fins pour lesquelles la personne concern\u00e9e a donn\u00e9 son consentement expr\u00e8s \u00e0 la soci\u00e9t\u00e9 de location.[\/vc_column_text][vc_custom_heading text=&#8221;9. Mesures de s\u00e9curit\u00e9&#8221; font_container=&#8221;tag:h3|text_align:left&#8221; use_theme_fonts=&#8221;yes&#8221; css=&#8221;.vc_custom_1732712924629{padding-bottom: 20px !important;}&#8221;][vc_column_text]CARFAST s&#8217;engage \u00e0 prot\u00e9ger les informations qu&#8217;elle recueille sur son site web. En particulier, CARFAST, Rent-a-Car, Lda utilise des mesures de s\u00e9curit\u00e9 physiques, techniques et organisationnelles appropri\u00e9es pour emp\u00eacher le traitement non autoris\u00e9 ou ill\u00e9gal, la perte accidentelle, la destruction ou l&#8217;endommagement de vos donn\u00e9es personnelles.[\/vc_column_text][vc_custom_heading text=&#8221;10. Cookies&#8221; font_container=&#8221;tag:h3|text_align:left&#8221; use_theme_fonts=&#8221;yes&#8221; css=&#8221;.vc_custom_1732712933306{padding-bottom: 20px !important;}&#8221;][vc_column_text]Notre site web utilise des \u00ab cookies \u00bb. Les cookies sont de petits fichiers texte qui sont copi\u00e9s d&#8217;un serveur web sur votre disque dur. Ces fichiers contiennent des informations qui peuvent \u00eatre lues ult\u00e9rieurement par un serveur web dans le domaine auquel le cookie a \u00e9t\u00e9 attribu\u00e9. Les cookies n&#8217;ex\u00e9cutent pas de programmes et n&#8217;infectent pas votre ordinateur avec des virus. Les fichiers que nous utilisons ne contiennent pas de donn\u00e9es \u00e0 caract\u00e8re personnel et ne sont pas li\u00e9s \u00e0 de telles donn\u00e9es. [\/vc_column_text][vc_custom_heading text=&#8221;11. Politique de conservation des donn\u00e9es&#8221; font_container=&#8221;tag:h3|text_align:left&#8221; use_theme_fonts=&#8221;yes&#8221; css=&#8221;.vc_custom_1732712938429{padding-bottom: 20px !important;}&#8221;][vc_column_text]- 3 ans \u00e0 compter de la fin de la relation contractuelle ou jusqu&#8217;\u00e0 la confirmation de la suppression de votre compte, si vous en faites la demande.<br \/>\n&#8211; 5 ans \u00e0 compter de la fin de la location<br \/>&#8211; Si l&#8217;utilisateur est un client de CARFAST, 3 ans \u00e0 compter de la fin de la relation commerciale.<br \/>&#8211; Si vous n&#8217;\u00eates pas client de CARFAST, 3 ans \u00e0 compter de la collecte de vos donn\u00e9es personnelles OU \u00e0 compter de la derni\u00e8re fois que vous nous avez demand\u00e9 des informations.<br \/>&#8211; 12 mois \u00e0 compter de la collecte des donn\u00e9es<br \/>&#8211; Pendant la p\u00e9riode d&#8217;adh\u00e9sion au programme de fid\u00e9lit\u00e9 et jusqu&#8217;\u00e0 4 ans apr\u00e8s l&#8217;expiration de vos points de fid\u00e9lit\u00e9.<br \/>&#8211; 3 ans \u00e0 compter de votre dernier contact commercial avec nous[\/vc_column_text][vc_custom_heading text=&#8221;12. Droit de retirer son consentement&#8221; font_container=&#8221;tag:h3|text_align:left&#8221; use_theme_fonts=&#8221;yes&#8221; css=&#8221;.vc_custom_1732712983637{padding-bottom: 20px !important;}&#8221;][vc_column_text]\u00c0 tout moment, le propri\u00e9taire des donn\u00e9es personnelles a le droit d&#8217;y acc\u00e9der, ainsi que, dans les limites du contrat et du GDPR, de les modifier, de s&#8217;opposer \u00e0 leur traitement, de d\u00e9cider de leur traitement automatis\u00e9, de retirer son consentement, de demander la suppression des donn\u00e9es et d&#8217;exercer les autres droits pr\u00e9vus par la l\u00e9gislation en vigueur (\u00e0 l&#8217;exception des donn\u00e9es qui sont indispensables \u00e0 l&#8217;ex\u00e9cution du contrat et qui, \u00e0 ce titre, doivent \u00eatre fournies, ainsi que pour le respect des obligations l\u00e9gales auxquelles le loueur est soumis). Le retrait de votre consentement ne compromet pas la l\u00e9galit\u00e9 du traitement effectu\u00e9 jusqu&#8217;\u00e0 cette date.<\/p>\n<p>[\/vc_column_text][vc_custom_heading text=&#8221;13. Plaintes aupr\u00e8s de l&apos;autorit\u00e9 de contr\u00f4le&#8221; font_container=&#8221;tag:h3|text_align:left&#8221; use_theme_fonts=&#8221;yes&#8221; css=&#8221;.vc_custom_1732712979377{padding-bottom: 20px !important;}&#8221;][vc_column_text]La personne concern\u00e9e a le droit d&#8217;introduire une r\u00e9clamation aupr\u00e8s de l&#8217;autorit\u00e9 de contr\u00f4le de la protection des donn\u00e9es, telle que la Commission nationale de protection des donn\u00e9es (CNPD), en cas de violation des droits.[\/vc_column_text][vc_custom_heading text=&#8221;14. Mises \u00e0 jour de la politique de confidentialit\u00e9&#8221; font_container=&#8221;tag:h3|text_align:left&#8221; use_theme_fonts=&#8221;yes&#8221; css=&#8221;.vc_custom_1732712956121{padding-bottom: 20px !important;}&#8221;][vc_column_text]La politique de confidentialit\u00e9 peut \u00eatre mise \u00e0 jour de temps \u00e0 autre et les modifications seront communiqu\u00e9es sur le site web ou par d&#8217;autres moyens de communication. [\/vc_column_text][vc_custom_heading text=&#8221;15. Contact pour les questions relatives \u00e0 la protection de la vie priv\u00e9e&#8221; font_container=&#8221;tag:h3|text_align:left&#8221; use_theme_fonts=&#8221;yes&#8221; css=&#8221;.vc_custom_1732712950964{padding-bottom: 20px !important;}&#8221;][vc_column_text]Si, \u00e0 tout moment, vous souhaitez acc\u00e9der aux donn\u00e9es personnelles que vous nous avez fournies, les rectifier, les supprimer, vous opposer \u00e0 leur traitement ou demander leur portabilit\u00e9, vous pouvez le faire par courrier \u00e9lectronique \u00e0 geral@carfast.pt ou par lettre recommand\u00e9e \u00e0 Rua das Ind\u00fastrias, n\u00ba 220, 4785-625 Trofa.[\/vc_column_text][\/vc_column][\/vc_row]<\/p>\n","protected":false},"excerpt":{"rendered":"<p>[vc_row full_width=&#8221;stretch_row_content_no_spaces&#8221; el_class=&#8221;page-doc&#8221;][vc_column][vc_custom_heading source=&#8221;post_title&#8221; font_container=&#8221;tag:h1|text_align:left&#8221; use_theme_fonts=&#8221;yes&#8221;][vc_custom_heading text=&#8221;1. Utilisation des donn\u00e9es personnelles&#8221; font_container=&#8221;tag:h3|text_align:left&#8221; use_theme_fonts=&#8221;yes&#8221; css=&#8221;.vc_custom_1732712875034{padding-bottom: 20px !important;}&#8221;][vc_column_text]1. Utilisation des donn\u00e9es personnellesLes donn\u00e9es personnelles fournies \u00e0 CARFAST Rent-a-Car, Lda. sont trait\u00e9es automatiquement et utilis\u00e9es pour confirmer et ex\u00e9cuter le contrat de location de voiture et remplir les obligations l\u00e9gales. Elles peuvent \u00e9galement \u00eatre utilis\u00e9es pour envoyer des [&hellip;]<\/p>\n","protected":false},"author":1,"featured_media":0,"parent":0,"menu_order":0,"comment_status":"closed","ping_status":"closed","template":"","meta":{"footnotes":""},"class_list":["post-30874","page","type-page","status-publish","hentry"],"yoast_head":"<!-- This site is optimized with the Yoast SEO plugin v25.6 - https:\/\/yoast.com\/wordpress\/plugins\/seo\/ -->\n<title>Politique de confidentialit\u00e9 et de protection des donn\u00e9es - Carfast<\/title>\n<meta name=\"robots\" content=\"index, follow, max-snippet:-1, max-image-preview:large, max-video-preview:-1\" \/>\n<link rel=\"canonical\" href=\"https:\/\/carfast.pt\/fr\/politique-de-confidentialite-et-de-protection-des-donnees\/\" \/>\n<meta property=\"og:locale\" content=\"fr_FR\" \/>\n<meta property=\"og:type\" content=\"article\" \/>\n<meta property=\"og:title\" content=\"Politique de confidentialit\u00e9 et de protection des donn\u00e9es - Carfast\" \/>\n<meta property=\"og:description\" content=\"[vc_row full_width=&#8221;stretch_row_content_no_spaces&#8221; el_class=&#8221;page-doc&#8221;][vc_column][vc_custom_heading source=&#8221;post_title&#8221; font_container=&#8221;tag:h1|text_align:left&#8221; use_theme_fonts=&#8221;yes&#8221;][vc_custom_heading text=&#8221;1. Utilisation des donn\u00e9es personnelles&#8221; font_container=&#8221;tag:h3|text_align:left&#8221; use_theme_fonts=&#8221;yes&#8221; css=&#8221;.vc_custom_1732712875034{padding-bottom: 20px !important;}&#8221;][vc_column_text]1. Utilisation des donn\u00e9es personnellesLes donn\u00e9es personnelles fournies \u00e0 CARFAST Rent-a-Car, Lda. sont trait\u00e9es automatiquement et utilis\u00e9es pour confirmer et ex\u00e9cuter le contrat de location de voiture et remplir les obligations l\u00e9gales. Elles peuvent \u00e9galement \u00eatre utilis\u00e9es pour envoyer des [&hellip;]\" \/>\n<meta property=\"og:url\" content=\"https:\/\/carfast.pt\/fr\/politique-de-confidentialite-et-de-protection-des-donnees\/\" \/>\n<meta property=\"og:site_name\" content=\"Carfast\" \/>\n<meta property=\"article:modified_time\" content=\"2024-12-19T16:54:45+00:00\" \/>\n<meta name=\"twitter:card\" content=\"summary_large_image\" \/>\n<meta name=\"twitter:label1\" content=\"Est. reading time\" \/>\n\t<meta name=\"twitter:data1\" content=\"8 minutes\" \/>\n<script type=\"application\/ld+json\" class=\"yoast-schema-graph\">{\"@context\":\"https:\/\/schema.org\",\"@graph\":[{\"@type\":\"WebPage\",\"@id\":\"https:\/\/carfast.pt\/fr\/politique-de-confidentialite-et-de-protection-des-donnees\/\",\"url\":\"https:\/\/carfast.pt\/fr\/politique-de-confidentialite-et-de-protection-des-donnees\/\",\"name\":\"Politique de confidentialit\u00e9 et de protection des donn\u00e9es - Carfast\",\"isPartOf\":{\"@id\":\"https:\/\/carfast.pt\/#website\"},\"datePublished\":\"2024-03-06T10:50:26+00:00\",\"dateModified\":\"2024-12-19T16:54:45+00:00\",\"breadcrumb\":{\"@id\":\"https:\/\/carfast.pt\/fr\/politique-de-confidentialite-et-de-protection-des-donnees\/#breadcrumb\"},\"inLanguage\":\"fr-FR\",\"potentialAction\":[{\"@type\":\"ReadAction\",\"target\":[\"https:\/\/carfast.pt\/fr\/politique-de-confidentialite-et-de-protection-des-donnees\/\"]}]},{\"@type\":\"BreadcrumbList\",\"@id\":\"https:\/\/carfast.pt\/fr\/politique-de-confidentialite-et-de-protection-des-donnees\/#breadcrumb\",\"itemListElement\":[{\"@type\":\"ListItem\",\"position\":1,\"name\":\"In\u00edcio\",\"item\":\"https:\/\/carfast.pt\/fr\/\"},{\"@type\":\"ListItem\",\"position\":2,\"name\":\"Politique de confidentialit\u00e9 et de protection des donn\u00e9es\"}]},{\"@type\":\"WebSite\",\"@id\":\"https:\/\/carfast.pt\/#website\",\"url\":\"https:\/\/carfast.pt\/\",\"name\":\"Carfast\",\"description\":\"Aluguer de viaturas Premium ao melhor pre\u00e7o de Portugal!\",\"alternateName\":\"CARFAST - Premium Rent-a-Car\",\"potentialAction\":[{\"@type\":\"SearchAction\",\"target\":{\"@type\":\"EntryPoint\",\"urlTemplate\":\"https:\/\/carfast.pt\/?s={search_term_string}\"},\"query-input\":{\"@type\":\"PropertyValueSpecification\",\"valueRequired\":true,\"valueName\":\"search_term_string\"}}],\"inLanguage\":\"fr-FR\"}]}<\/script>\n<!-- \/ Yoast SEO plugin. -->","yoast_head_json":{"title":"Politique de confidentialit\u00e9 et de protection des donn\u00e9es - Carfast","robots":{"index":"index","follow":"follow","max-snippet":"max-snippet:-1","max-image-preview":"max-image-preview:large","max-video-preview":"max-video-preview:-1"},"canonical":"https:\/\/carfast.pt\/fr\/politique-de-confidentialite-et-de-protection-des-donnees\/","og_locale":"fr_FR","og_type":"article","og_title":"Politique de confidentialit\u00e9 et de protection des donn\u00e9es - Carfast","og_description":"[vc_row full_width=&#8221;stretch_row_content_no_spaces&#8221; el_class=&#8221;page-doc&#8221;][vc_column][vc_custom_heading source=&#8221;post_title&#8221; font_container=&#8221;tag:h1|text_align:left&#8221; use_theme_fonts=&#8221;yes&#8221;][vc_custom_heading text=&#8221;1. Utilisation des donn\u00e9es personnelles&#8221; font_container=&#8221;tag:h3|text_align:left&#8221; use_theme_fonts=&#8221;yes&#8221; css=&#8221;.vc_custom_1732712875034{padding-bottom: 20px !important;}&#8221;][vc_column_text]1. Utilisation des donn\u00e9es personnellesLes donn\u00e9es personnelles fournies \u00e0 CARFAST Rent-a-Car, Lda. sont trait\u00e9es automatiquement et utilis\u00e9es pour confirmer et ex\u00e9cuter le contrat de location de voiture et remplir les obligations l\u00e9gales. Elles peuvent \u00e9galement \u00eatre utilis\u00e9es pour envoyer des [&hellip;]","og_url":"https:\/\/carfast.pt\/fr\/politique-de-confidentialite-et-de-protection-des-donnees\/","og_site_name":"Carfast","article_modified_time":"2024-12-19T16:54:45+00:00","twitter_card":"summary_large_image","twitter_misc":{"Est. reading time":"8 minutes"},"schema":{"@context":"https:\/\/schema.org","@graph":[{"@type":"WebPage","@id":"https:\/\/carfast.pt\/fr\/politique-de-confidentialite-et-de-protection-des-donnees\/","url":"https:\/\/carfast.pt\/fr\/politique-de-confidentialite-et-de-protection-des-donnees\/","name":"Politique de confidentialit\u00e9 et de protection des donn\u00e9es - Carfast","isPartOf":{"@id":"https:\/\/carfast.pt\/#website"},"datePublished":"2024-03-06T10:50:26+00:00","dateModified":"2024-12-19T16:54:45+00:00","breadcrumb":{"@id":"https:\/\/carfast.pt\/fr\/politique-de-confidentialite-et-de-protection-des-donnees\/#breadcrumb"},"inLanguage":"fr-FR","potentialAction":[{"@type":"ReadAction","target":["https:\/\/carfast.pt\/fr\/politique-de-confidentialite-et-de-protection-des-donnees\/"]}]},{"@type":"BreadcrumbList","@id":"https:\/\/carfast.pt\/fr\/politique-de-confidentialite-et-de-protection-des-donnees\/#breadcrumb","itemListElement":[{"@type":"ListItem","position":1,"name":"In\u00edcio","item":"https:\/\/carfast.pt\/fr\/"},{"@type":"ListItem","position":2,"name":"Politique de confidentialit\u00e9 et de protection des donn\u00e9es"}]},{"@type":"WebSite","@id":"https:\/\/carfast.pt\/#website","url":"https:\/\/carfast.pt\/","name":"Carfast","description":"Aluguer de viaturas Premium ao melhor pre\u00e7o de Portugal!","alternateName":"CARFAST - Premium Rent-a-Car","potentialAction":[{"@type":"SearchAction","target":{"@type":"EntryPoint","urlTemplate":"https:\/\/carfast.pt\/?s={search_term_string}"},"query-input":{"@type":"PropertyValueSpecification","valueRequired":true,"valueName":"search_term_string"}}],"inLanguage":"fr-FR"}]}},"_links":{"self":[{"href":"https:\/\/carfast.pt\/fr\/wp-json\/wp\/v2\/pages\/30874","targetHints":{"allow":["GET"]}}],"collection":[{"href":"https:\/\/carfast.pt\/fr\/wp-json\/wp\/v2\/pages"}],"about":[{"href":"https:\/\/carfast.pt\/fr\/wp-json\/wp\/v2\/types\/page"}],"author":[{"embeddable":true,"href":"https:\/\/carfast.pt\/fr\/wp-json\/wp\/v2\/users\/1"}],"replies":[{"embeddable":true,"href":"https:\/\/carfast.pt\/fr\/wp-json\/wp\/v2\/comments?post=30874"}],"version-history":[{"count":0,"href":"https:\/\/carfast.pt\/fr\/wp-json\/wp\/v2\/pages\/30874\/revisions"}],"wp:attachment":[{"href":"https:\/\/carfast.pt\/fr\/wp-json\/wp\/v2\/media?parent=30874"}],"curies":[{"name":"wp","href":"https:\/\/api.w.org\/{rel}","templated":true}]}}